{"id":105,"date":"2023-09-26T14:18:12","date_gmt":"2023-09-26T17:18:12","guid":{"rendered":"https:\/\/agrobastos.com.br\/?page_id=105"},"modified":"2023-09-26T17:39:36","modified_gmt":"2023-09-26T20:39:36","slug":"inicio","status":"publish","type":"page","link":"https:\/\/agrobastos.com.br\/","title":{"rendered":"Inicio"},"content":{"rendered":"\t\t<div data-elementor-type=\"wp-page\" data-elementor-id=\"105\" class=\"elementor elementor-105\" data-elementor-post-type=\"page\">\n\t\t\t\t\t\t\t\t\t<section class=\"elementor-section elementor-top-section elementor-element elementor-element-f901f41 elementor-section-height-full elementor-section-boxed elementor-section-height-default elementor-section-items-middle\" data-id=\"f901f41\" data-element_type=\"section\">\n\t\t\t\t\t\t<div class=\"elementor-container elementor-column-gap-default\">\n\t\t\t\t\t<div class=\"elementor-column elementor-col-100 elementor-top-column elementor-element elementor-element-484ae93\" data-id=\"484ae93\" data-element_type=\"column\" data-settings=\"{&quot;background_background&quot;:&quot;gradient&quot;}\">\n\t\t\t<div class=\"elementor-widget-wrap elementor-element-populated\">\n\t\t\t\t\t\t\t\t<section class=\"elementor-section elementor-inner-section elementor-element elementor-element-1070a0e elementor-section-boxed elementor-section-height-default elementor-section-height-default\" data-id=\"1070a0e\" data-element_type=\"section\">\n\t\t\t\t\t\t<div class=\"elementor-container elementor-column-gap-default\">\n\t\t\t\t\t<div class=\"elementor-column elementor-col-100 elementor-inner-column elementor-element elementor-element-ffc40ce\" data-id=\"ffc40ce\" data-element_type=\"column\">\n\t\t\t<div class=\"elementor-widget-wrap elementor-element-populated\">\n\t\t\t\t\t\t\t\t<div class=\"elementor-element elementor-element-0f088c0 elementor-widget elementor-widget-image\" data-id=\"0f088c0\" data-element_type=\"widget\" data-widget_type=\"image.default\">\n\t\t\t\t<div class=\"elementor-widget-container\">\n\t\t\t<style>\/*! elementor - v3.16.0 - 20-09-2023 *\/\n.elementor-widget-image{text-align:center}.elementor-widget-image a{display:inline-block}.elementor-widget-image a img[src$=\".svg\"]{width:48px}.elementor-widget-image img{vertical-align:middle;display:inline-block}<\/style>\t\t\t\t\t\t\t\t\t\t\t\t<img loading=\"lazy\" decoding=\"async\" width=\"1024\" height=\"724\" src=\"https:\/\/agrobastos.com.br\/wp-content\/uploads\/2023\/09\/WhatsApp-Image-2023-09-26-at-14.38.55.jpeg\" class=\"attachment-full size-full wp-image-108\" alt=\"logotipo agrobastos com\u00e9rcio equipamentos sementes agroneg\u00f3cio\" srcset=\"https:\/\/agrobastos.com.br\/wp-content\/uploads\/2023\/09\/WhatsApp-Image-2023-09-26-at-14.38.55.jpeg 1024w, https:\/\/agrobastos.com.br\/wp-content\/uploads\/2023\/09\/WhatsApp-Image-2023-09-26-at-14.38.55-300x212.jpeg 300w, https:\/\/agrobastos.com.br\/wp-content\/uploads\/2023\/09\/WhatsApp-Image-2023-09-26-at-14.38.55-768x543.jpeg 768w\" sizes=\"auto, (max-width: 1024px) 100vw, 1024px\" \/>\t\t\t\t\t\t\t\t\t\t\t\t\t\t\t<\/div>\n\t\t\t\t<\/div>\n\t\t\t\t\t<\/div>\n\t\t<\/div>\n\t\t\t\t\t\t\t<\/div>\n\t\t<\/section>\n\t\t\t\t<section class=\"elementor-section elementor-inner-section elementor-element elementor-element-61d9985 elementor-section-boxed elementor-section-height-default elementor-section-height-default\" data-id=\"61d9985\" data-element_type=\"section\">\n\t\t\t\t\t\t<div class=\"elementor-container elementor-column-gap-default\">\n\t\t\t\t\t<div class=\"elementor-column elementor-col-100 elementor-inner-column elementor-element elementor-element-d90c38d\" data-id=\"d90c38d\" data-element_type=\"column\">\n\t\t\t<div class=\"elementor-widget-wrap elementor-element-populated\">\n\t\t\t\t\t\t\t\t<div class=\"elementor-element elementor-element-7069179 elementor-widget elementor-widget-heading\" data-id=\"7069179\" data-element_type=\"widget\" data-widget_type=\"heading.default\">\n\t\t\t\t<div class=\"elementor-widget-container\">\n\t\t\t<style>\/*! elementor - v3.16.0 - 20-09-2023 *\/\n.elementor-heading-title{padding:0;margin:0;line-height:1}.elementor-widget-heading .elementor-heading-title[class*=elementor-size-]>a{color:inherit;font-size:inherit;line-height:inherit}.elementor-widget-heading .elementor-heading-title.elementor-size-small{font-size:15px}.elementor-widget-heading .elementor-heading-title.elementor-size-medium{font-size:19px}.elementor-widget-heading .elementor-heading-title.elementor-size-large{font-size:29px}.elementor-widget-heading .elementor-heading-title.elementor-size-xl{font-size:39px}.elementor-widget-heading .elementor-heading-title.elementor-size-xxl{font-size:59px}<\/style><h1 class=\"elementor-heading-title elementor-size-default\">Entre em contato:<\/h1>\t\t<\/div>\n\t\t\t\t<\/div>\n\t\t\t\t<div class=\"elementor-element elementor-element-a95e3e0 elementor-align-center elementor-icon-list--layout-traditional elementor-list-item-link-full_width elementor-widget elementor-widget-icon-list\" data-id=\"a95e3e0\" data-element_type=\"widget\" data-widget_type=\"icon-list.default\">\n\t\t\t\t<div class=\"elementor-widget-container\">\n\t\t\t<link rel=\"stylesheet\" href=\"https:\/\/agrobastos.com.br\/wp-content\/plugins\/elementor\/assets\/css\/widget-icon-list.min.css\">\t\t<ul class=\"elementor-icon-list-items\">\n\t\t\t\t\t\t\t<li class=\"elementor-icon-list-item\">\n\t\t\t\t\t\t\t\t\t\t<span class=\"elementor-icon-list-text\">(14) 99709-7680<\/span>\n\t\t\t\t\t\t\t\t\t<\/li>\n\t\t\t\t\t\t\t\t<li class=\"elementor-icon-list-item\">\n\t\t\t\t\t\t\t\t\t\t<span class=\"elementor-icon-list-text\">financeiro@agrobastos.com.br<\/span>\n\t\t\t\t\t\t\t\t\t<\/li>\n\t\t\t\t\t\t<\/ul>\n\t\t\t\t<\/div>\n\t\t\t\t<\/div>\n\t\t\t\t\t<\/div>\n\t\t<\/div>\n\t\t\t\t\t\t\t<\/div>\n\t\t<\/section>\n\t\t\t\t<section class=\"elementor-section elementor-inner-section elementor-element elementor-element-19bd14b elementor-section-boxed elementor-section-height-default elementor-section-height-default\" data-id=\"19bd14b\" data-element_type=\"section\">\n\t\t\t\t\t\t<div class=\"elementor-container elementor-column-gap-default\">\n\t\t\t\t\t<div class=\"elementor-column elementor-col-100 elementor-inner-column elementor-element elementor-element-2beb4f0\" data-id=\"2beb4f0\" data-element_type=\"column\">\n\t\t\t<div class=\"elementor-widget-wrap elementor-element-populated\">\n\t\t\t\t\t\t\t\t<div class=\"elementor-element elementor-element-5a71604 elementor-widget elementor-widget-premium-addon-button\" data-id=\"5a71604\" data-element_type=\"widget\" data-widget_type=\"premium-addon-button.default\">\n\t\t\t\t<div class=\"elementor-widget-container\">\n\t\t\t\r\n\r\n\t\t<a class=\"premium-button premium-button-none premium-btn-lg premium-button-none\" href=\"https:\/\/www.instagram.com\/Agrobastosoficial\/\" target=\"_blank\">\r\n\t\t\t<div class=\"premium-button-text-icon-wrapper\">\r\n\t\t\t\t\t\t\t\t\t\t\t\t\t\t\t\t\t\t\t\t\t\t<i class=\"premium-svg-nodraw premium-drawable-icon fab fa-instagram\" aria-hidden=\"true\"><\/i>\t\t\t\t\t\t\t\t\t\t\t\t\t\t\t\t\t\t\t<span >\r\n\t\t\t\t\tInstagram\t\t\t\t<\/span>\r\n\t\t\t\t\t\t\t\t\t\t\t\t\t\t\t\t<\/div>\r\n\t\t\t\t\t\t\t\t<\/a>\r\n\r\n\r\n\t\t\t\t<\/div>\n\t\t\t\t<\/div>\n\t\t\t\t<div class=\"elementor-element elementor-element-2ba5ec7 elementor-widget elementor-widget-premium-addon-button\" data-id=\"2ba5ec7\" data-element_type=\"widget\" data-widget_type=\"premium-addon-button.default\">\n\t\t\t\t<div class=\"elementor-widget-container\">\n\t\t\t\r\n\r\n\t\t<a class=\"premium-button premium-button-none premium-btn-lg premium-button-none\" href=\"mailto:financeiro@agrobastos.com.br\">\r\n\t\t\t<div class=\"premium-button-text-icon-wrapper\">\r\n\t\t\t\t\t\t\t\t\t\t\t\t\t\t\t\t\t\t\t\t\t\t<i class=\"premium-svg-nodraw premium-drawable-icon far fa-envelope\" aria-hidden=\"true\"><\/i>\t\t\t\t\t\t\t\t\t\t\t\t\t\t\t\t\t\t\t<span >\r\n\t\t\t\t\tE-mail\t\t\t\t<\/span>\r\n\t\t\t\t\t\t\t\t\t\t\t\t\t\t\t\t<\/div>\r\n\t\t\t\t\t\t\t\t<\/a>\r\n\r\n\r\n\t\t\t\t<\/div>\n\t\t\t\t<\/div>\n\t\t\t\t<div class=\"elementor-element elementor-element-70c8899 elementor-widget elementor-widget-premium-addon-button\" data-id=\"70c8899\" data-element_type=\"widget\" data-widget_type=\"premium-addon-button.default\">\n\t\t\t\t<div class=\"elementor-widget-container\">\n\t\t\t\r\n\r\n\t\t<a class=\"premium-button premium-button-none premium-btn-lg premium-button-none\" href=\"https:\/\/maps.app.goo.gl\/UdTNtaFeFqNLbQ568\" target=\"_blank\">\r\n\t\t\t<div class=\"premium-button-text-icon-wrapper\">\r\n\t\t\t\t\t\t\t\t\t\t\t\t\t\t\t\t\t\t\t\t\t\t<i class=\"premium-svg-nodraw premium-drawable-icon fas fa-map-marker-alt\" aria-hidden=\"true\"><\/i>\t\t\t\t\t\t\t\t\t\t\t\t\t\t\t\t\t\t\t<span >\r\n\t\t\t\t\tVenha at\u00e9 n\u00f3s!\t\t\t\t<\/span>\r\n\t\t\t\t\t\t\t\t\t\t\t\t\t\t\t\t<\/div>\r\n\t\t\t\t\t\t\t\t<\/a>\r\n\r\n\r\n\t\t\t\t<\/div>\n\t\t\t\t<\/div>\n\t\t\t\t<div class=\"elementor-element elementor-element-be56a2f elementor-widget elementor-widget-text-editor\" data-id=\"be56a2f\" data-element_type=\"widget\" data-widget_type=\"text-editor.default\">\n\t\t\t\t<div class=\"elementor-widget-container\">\n\t\t\t<style>\/*! elementor - v3.16.0 - 20-09-2023 *\/\n.elementor-widget-text-editor.elementor-drop-cap-view-stacked .elementor-drop-cap{background-color:#69727d;color:#fff}.elementor-widget-text-editor.elementor-drop-cap-view-framed .elementor-drop-cap{color:#69727d;border:3px solid;background-color:transparent}.elementor-widget-text-editor:not(.elementor-drop-cap-view-default) .elementor-drop-cap{margin-top:8px}.elementor-widget-text-editor:not(.elementor-drop-cap-view-default) .elementor-drop-cap-letter{width:1em;height:1em}.elementor-widget-text-editor .elementor-drop-cap{float:left;text-align:center;line-height:1;font-size:50px}.elementor-widget-text-editor .elementor-drop-cap-letter{display:inline-block}<\/style>\t\t\t\t<p>\u00a9\u200e2023 Agrobastos &#8211; Desenvolvido por <span style=\"color: #dd9016;\"><a style=\"color: #dd9016;\" href=\"http:\/\/desigual.com.br\" target=\"_blank\" rel=\"noopener\">desigual<\/a><\/span><\/p>\t\t\t\t\t\t<\/div>\n\t\t\t\t<\/div>\n\t\t\t\t\t<\/div>\n\t\t<\/div>\n\t\t\t\t\t\t\t<\/div>\n\t\t<\/section>\n\t\t\t\t<div class=\"elementor-element elementor-element-5e6fbe6 elementor-widget elementor-widget-html\" data-id=\"5e6fbe6\" data-element_type=\"widget\" data-widget_type=\"html.default\">\n\t\t\t\t<div class=\"elementor-widget-container\">\n\t\t\t<style>\r\n  .whatsapp-button {\r\n    position: fixed;\r\n    width: 60px;\r\n    height: 60px;\r\n    bottom: 40px;\r\n    right: 40px;\r\n    background-color: #25d366;\r\n    color: #FFF;\r\n    border-radius: 50%;\r\n    text-align: center;\r\n    font-size: 30px;\r\n    box-shadow: 1px 1px 2px #888;\r\n    z-index: 1000;\r\n    display: flex;\r\n    justify-content: center;\r\n    align-items: center;\r\n    text-decoration: none;\r\n    transform-style: preserve-3d;\r\n    transition: transform 0.2s, box-shadow 0.2s;\r\n  }\r\n\r\n  .whatsapp-button i {\r\n    transform: translateZ(25px); \/* Efeito 3d *\/\r\n  }\r\n\r\n  .whatsapp-button:hover {\r\n    transform: scale(1.1) translateZ(5px); \/* Hover 3d *\/\r\n    box-shadow: 2px 2px 4px #888;\r\n  }\r\n\r\n  \/* cor do bot\u00e3o *\/\r\n  .whatsapp-button:hover i {\r\n    color: black;\r\n  }\r\n<\/style>\r\n<a href=\"https:\/\/wa.me\/5514997097680?text=Ol\u00e1,%20vim%20pelo%20site%20Agrobastos,%20gostaria%20de%20saber%20mais%20informa\u00e7\u00f5es.\" class=\"whatsapp-button\" target=\"_blank\">\r\n    <i class=\"fa fa-whatsapp\"><\/i>\r\n  <\/a>\r\n \r\n  <link rel=\"stylesheet\" href=\"https:\/\/cdnjs.cloudflare.com\/ajax\/libs\/font-awesome\/4.7.0\/css\/font-awesome.min.css\">\t\t<\/div>\n\t\t\t\t<\/div>\n\t\t\t\t\t<\/div>\n\t\t<\/div>\n\t\t\t\t\t\t\t<\/div>\n\t\t<\/section>\n\t\t\t\t\t\t\t<\/div>\n\t\t","protected":false},"excerpt":{"rendered":"<p>Entre em contato: (14) 99709-7680 financeiro@agrobastos.com.br Instagram E-mail Venha at\u00e9 n\u00f3s! \u00a9\u200e2023 Agrobastos &#8211; Desenvolvido por desigual<\/p>\n","protected":false},"author":1,"featured_media":108,"parent":0,"menu_order":0,"comment_status":"closed","ping_status":"closed","template":"elementor_canvas","meta":{"footnotes":""},"class_list":["post-105","page","type-page","status-publish","has-post-thumbnail","hentry"],"yoast_head":"<!-- This site is optimized with the Yoast SEO plugin v21.2 - https:\/\/yoast.com\/wordpress\/plugins\/seo\/ -->\n<title>Agrobastos | Com\u00e9rcio de Equipamentos e Sementes<\/title>\n<meta name=\"description\" content=\"Com\u00e9rcio de equipamentos e sementes, Agrobastos, empresa do agroneg\u00f3cio especializada na comercializa\u00e7\u00e3o de equipamentos e sementes.\" \/>\n<meta name=\"robots\" content=\"index, follow, max-snippet:-1, max-image-preview:large, max-video-preview:-1\" \/>\n<link rel=\"canonical\" href=\"https:\/\/agrobastos.com.br\/\" \/>\n<meta property=\"og:locale\" content=\"pt_BR\" \/>\n<meta property=\"og:type\" content=\"article\" \/>\n<meta property=\"og:title\" content=\"Agrobastos | Com\u00e9rcio de Equipamentos e Sementes\" \/>\n<meta property=\"og:description\" content=\"Com\u00e9rcio de equipamentos e sementes, Agrobastos, empresa do agroneg\u00f3cio especializada na comercializa\u00e7\u00e3o de equipamentos e sementes.\" \/>\n<meta property=\"og:url\" content=\"https:\/\/agrobastos.com.br\/\" \/>\n<meta property=\"og:site_name\" content=\"Agrobastos\" \/>\n<meta property=\"article:modified_time\" content=\"2023-09-26T20:39:36+00:00\" \/>\n<meta property=\"og:image\" content=\"https:\/\/agrobastos.com.br\/wp-content\/uploads\/2023\/09\/WhatsApp-Image-2023-09-26-at-14.38.55.jpeg\" \/>\n\t<meta property=\"og:image:width\" content=\"1024\" \/>\n\t<meta property=\"og:image:height\" content=\"724\" \/>\n\t<meta property=\"og:image:type\" content=\"image\/jpeg\" \/>\n<meta name=\"twitter:card\" content=\"summary_large_image\" \/>\n<meta name=\"twitter:label1\" content=\"Est. tempo de leitura\" \/>\n\t<meta name=\"twitter:data1\" content=\"1 minuto\" \/>\n<script type=\"application\/ld+json\" class=\"yoast-schema-graph\">{\"@context\":\"https:\/\/schema.org\",\"@graph\":[{\"@type\":\"WebPage\",\"@id\":\"https:\/\/agrobastos.com.br\/\",\"url\":\"https:\/\/agrobastos.com.br\/\",\"name\":\"Agrobastos | Com\u00e9rcio de Equipamentos e Sementes\",\"isPartOf\":{\"@id\":\"https:\/\/agrobastos.com.br\/#website\"},\"datePublished\":\"2023-09-26T17:18:12+00:00\",\"dateModified\":\"2023-09-26T20:39:36+00:00\",\"description\":\"Com\u00e9rcio de equipamentos e sementes, Agrobastos, empresa do agroneg\u00f3cio especializada na comercializa\u00e7\u00e3o de equipamentos e sementes.\",\"breadcrumb\":{\"@id\":\"https:\/\/agrobastos.com.br\/#breadcrumb\"},\"inLanguage\":\"pt-BR\",\"potentialAction\":[{\"@type\":\"ReadAction\",\"target\":[\"https:\/\/agrobastos.com.br\/\"]}]},{\"@type\":\"BreadcrumbList\",\"@id\":\"https:\/\/agrobastos.com.br\/#breadcrumb\",\"itemListElement\":[{\"@type\":\"ListItem\",\"position\":1,\"name\":\"In\u00edcio\",\"item\":\"https:\/\/agrobastos.com.br\/\"},{\"@type\":\"ListItem\",\"position\":2,\"name\":\"Inicio\"}]},{\"@type\":\"WebSite\",\"@id\":\"https:\/\/agrobastos.com.br\/#website\",\"url\":\"https:\/\/agrobastos.com.br\/\",\"name\":\"Agrobastos\",\"description\":\"\",\"potentialAction\":[{\"@type\":\"SearchAction\",\"target\":{\"@type\":\"EntryPoint\",\"urlTemplate\":\"https:\/\/agrobastos.com.br\/?s={search_term_string}\"},\"query-input\":\"required name=search_term_string\"}],\"inLanguage\":\"pt-BR\"}]}<\/script>\n<!-- \/ Yoast SEO plugin. -->","yoast_head_json":{"title":"Agrobastos | Com\u00e9rcio de Equipamentos e Sementes","description":"Com\u00e9rcio de equipamentos e sementes, Agrobastos, empresa do agroneg\u00f3cio especializada na comercializa\u00e7\u00e3o de equipamentos e sementes.","robots":{"index":"index","follow":"follow","max-snippet":"max-snippet:-1","max-image-preview":"max-image-preview:large","max-video-preview":"max-video-preview:-1"},"canonical":"https:\/\/agrobastos.com.br\/","og_locale":"pt_BR","og_type":"article","og_title":"Agrobastos | Com\u00e9rcio de Equipamentos e Sementes","og_description":"Com\u00e9rcio de equipamentos e sementes, Agrobastos, empresa do agroneg\u00f3cio especializada na comercializa\u00e7\u00e3o de equipamentos e sementes.","og_url":"https:\/\/agrobastos.com.br\/","og_site_name":"Agrobastos","article_modified_time":"2023-09-26T20:39:36+00:00","og_image":[{"width":1024,"height":724,"url":"https:\/\/agrobastos.com.br\/wp-content\/uploads\/2023\/09\/WhatsApp-Image-2023-09-26-at-14.38.55.jpeg","type":"image\/jpeg"}],"twitter_card":"summary_large_image","twitter_misc":{"Est. tempo de leitura":"1 minuto"},"schema":{"@context":"https:\/\/schema.org","@graph":[{"@type":"WebPage","@id":"https:\/\/agrobastos.com.br\/","url":"https:\/\/agrobastos.com.br\/","name":"Agrobastos | Com\u00e9rcio de Equipamentos e Sementes","isPartOf":{"@id":"https:\/\/agrobastos.com.br\/#website"},"datePublished":"2023-09-26T17:18:12+00:00","dateModified":"2023-09-26T20:39:36+00:00","description":"Com\u00e9rcio de equipamentos e sementes, Agrobastos, empresa do agroneg\u00f3cio especializada na comercializa\u00e7\u00e3o de equipamentos e sementes.","breadcrumb":{"@id":"https:\/\/agrobastos.com.br\/#breadcrumb"},"inLanguage":"pt-BR","potentialAction":[{"@type":"ReadAction","target":["https:\/\/agrobastos.com.br\/"]}]},{"@type":"BreadcrumbList","@id":"https:\/\/agrobastos.com.br\/#breadcrumb","itemListElement":[{"@type":"ListItem","position":1,"name":"In\u00edcio","item":"https:\/\/agrobastos.com.br\/"},{"@type":"ListItem","position":2,"name":"Inicio"}]},{"@type":"WebSite","@id":"https:\/\/agrobastos.com.br\/#website","url":"https:\/\/agrobastos.com.br\/","name":"Agrobastos","description":"","potentialAction":[{"@type":"SearchAction","target":{"@type":"EntryPoint","urlTemplate":"https:\/\/agrobastos.com.br\/?s={search_term_string}"},"query-input":"required name=search_term_string"}],"inLanguage":"pt-BR"}]}},"_links":{"self":[{"href":"https:\/\/agrobastos.com.br\/index.php?rest_route=\/wp\/v2\/pages\/105","targetHints":{"allow":["GET"]}}],"collection":[{"href":"https:\/\/agrobastos.com.br\/index.php?rest_route=\/wp\/v2\/pages"}],"about":[{"href":"https:\/\/agrobastos.com.br\/index.php?rest_route=\/wp\/v2\/types\/page"}],"author":[{"embeddable":true,"href":"https:\/\/agrobastos.com.br\/index.php?rest_route=\/wp\/v2\/users\/1"}],"replies":[{"embeddable":true,"href":"https:\/\/agrobastos.com.br\/index.php?rest_route=%2Fwp%2Fv2%2Fcomments&post=105"}],"version-history":[{"count":165,"href":"https:\/\/agrobastos.com.br\/index.php?rest_route=\/wp\/v2\/pages\/105\/revisions"}],"predecessor-version":[{"id":292,"href":"https:\/\/agrobastos.com.br\/index.php?rest_route=\/wp\/v2\/pages\/105\/revisions\/292"}],"wp:featuredmedia":[{"embeddable":true,"href":"https:\/\/agrobastos.com.br\/index.php?rest_route=\/wp\/v2\/media\/108"}],"wp:attachment":[{"href":"https:\/\/agrobastos.com.br\/index.php?rest_route=%2Fwp%2Fv2%2Fmedia&parent=105"}],"curies":[{"name":"wp","href":"https:\/\/api.w.org\/{rel}","templated":true}]}}